{"id":2443,"date":"2024-05-06T17:39:18","date_gmt":"2024-05-06T14:39:18","guid":{"rendered":"https:\/\/ozakar.com\/?page_id=2443"},"modified":"2024-05-14T02:27:39","modified_gmt":"2024-05-13T23:27:39","slug":"sorumluluklarimiz","status":"publish","type":"page","link":"https:\/\/ozakar.com\/sorumluluklarimiz\/","title":{"rendered":"Sorumluluklar\u0131m\u0131z"},"content":{"rendered":"\t\t<div data-elementor-type=\"wp-page\" data-elementor-id=\"2443\" class=\"elementor elementor-2443\">\n\t\t\t\t<div class=\"elementor-element elementor-element-b44bee9 e-flex e-con-boxed e-con e-parent\" data-id=\"b44bee9\" data-element_type=\"container\" data-settings=\"{&quot;background_background&quot;:&quot;classic&quot;}\">\n\t\t\t\t\t<div class=\"e-con-inner\">\n\t\t<div class=\"elementor-element elementor-element-74618ea e-con-full e-flex e-con e-child\" data-id=\"74618ea\" data-element_type=\"container\">\n\t\t\t\t<div class=\"elementor-element elementor-element-99f09ea lqd-text-tag-h2 elementor-widget elementor-widget-lqd-text\" data-id=\"99f09ea\" data-element_type=\"widget\" data-widget_type=\"lqd-text.default\">\n\t\t\t\t<div class=\"elementor-widget-container\">\n\t\t\t\t\t<h2 class=\"lqd-text-el m-0 p-0\"><span class=\"lqd-text-item relative elementor-repeater-item-5e3578d\">D\u00fcne, bug\u00fcne ve gelece\u011fe sayg\u0131.<\/span><\/h2>\t\t\t\t<\/div>\n\t\t\t\t<\/div>\n\t\t\t\t<div class=\"elementor-element elementor-element-ebfb109 lqd-text-tag-p elementor-widget elementor-widget-lqd-text\" data-id=\"ebfb109\" data-element_type=\"widget\" data-widget_type=\"lqd-text.default\">\n\t\t\t\t<div class=\"elementor-widget-container\">\n\t\t\t\t\t<p class=\"lqd-text-el m-0 p-0\"><span class=\"lqd-text-item relative elementor-repeater-item-5e3578d\">M\u00fc\u015fterilerimize, \u00e7evreye ve topluma kar\u015f\u0131 b\u00fcy\u00fck bir sorumluluk ile hareket ediyoruz.<\/span><\/p>\t\t\t\t<\/div>\n\t\t\t\t<\/div>\n\t\t\t\t<div class=\"elementor-element elementor-element-1a40c0a elementor-widget elementor-widget-lqd-accordion lqd-accordion w-full\" data-id=\"1a40c0a\" data-element_type=\"widget\" data-widget_type=\"lqd-accordion.default\">\n\t\t\t\t<div class=\"elementor-widget-container\">\n\t\t\t\t\t\n\t\t<div class=\"lqd-accordion-item elementor-repeater-item-99f981c transition-colors lqd-is-active\">\n\t\t\t<h5 class=\"lqd-accordion-heading m-0 p-0\" tabindex=\"-1\">\n\t\t\t\t<a class=\"lqd-accordion-trigger lqd-togglable-trigger lqd-widget-trigger flex items-center w-full cursor-pointer transition-colors lqd-is-active\" href=\"#lqd-accordion-1a40c0a-content\" aria-expanded=\"true\" aria-controls=\"lqd-accordion-1a40c0a-content\" tabindex=\"0\">\n\t\t\t\t\t<span class=\"lqd-accordion-heading-txt pointer-events-none\">\u00c7evresel S\u00fcrd\u00fcr\u00fclebilirlik<\/span>\n\t\t\t\t\t\t\t\t\t<\/a>\n\t\t\t<\/h5>\n\t\t\t<div class=\"lqd-accordion-content-wrap lqd-togglable-element lqd-is-active\" id=\"lqd-accordion-1a40c0a-content\">\n\t\t\t\t<div class=\"lqd-accordion-content\">\n\t\t\t\t\tKarbon sal\u0131m\u0131m\u0131z\u0131 en aza indirmek, i\u015f yapma \u015feklimizin temelini olu\u015fturuyor. S\u00fcrd\u00fcr\u00fclebilir lojistik operasyonlar\u0131m\u0131zla, karbon ayak izimizi azaltmak ve do\u011fal kaynaklar\u0131 korumak i\u00e7in s\u00fcrekli \u00e7aba sarf ediyoruz. Yak\u0131t verimlili\u011fini art\u0131rmak, at\u0131k miktar\u0131n\u0131 azaltmak ve ye\u015fil teknolojilere yat\u0131r\u0131m yapmak gibi \u00f6nlemler alarak, \u00e7evresel etkimizi minimize etmeyi hedefliyoruz. Ayr\u0131ca, tedarik zincirimizdeki ortaklar\u0131m\u0131z\u0131 da s\u00fcrd\u00fcr\u00fclebilirlik ilkelerine uymaya te\u015fvik ediyoruz.<br><br>\n \nBu ba\u011flamda T\u00fcrkiye\u2019nin ilk y\u00fczde y\u00fcz elektrikli \u00e7ekici yat\u0131r\u0131m\u0131n\u0131 ger\u00e7ekle\u015ftirerek operasyonlar\u0131m\u0131za dahil ettik. Merkezimizde, depolama alanlar\u0131m\u0131zda ve di\u011fer tesislerimizde g\u00fcne\u015f enerjisinden maksimum oranda faydalan\u0131yoruz. \u0130ntermodal ta\u015f\u0131malar\u0131m\u0131zla bir y\u0131lda yakla\u015f\u0131k 80 bin tonluk karbon sal\u0131m\u0131n\u0131n \u00f6n\u00fcne ge\u00e7iyor, 180 milyon kilovatsaat enerji ve 30 milyon litre dizel tasarrufu sa\u011fl\u0131yoruz. T\u00fcrkiye\u2019de Ye\u015fil Lojistik belgesine sahip olan ilk lojistik \u015firketlerinden biri olarak, \u00e7evreye olan katk\u0131m\u0131z\u0131 daha da art\u0131raca\u011f\u0131z.\nDijital d\u00f6n\u00fc\u015f\u00fcm, s\u00fcrd\u00fcr\u00fclebilirlik, verimlilik ve operasyonel m\u00fckemmellik hedefimiz do\u011frultusunda i\u015f s\u00fcre\u00e7lerimizi SAP \u00fczerinden kurguluyoruz. Bu yaz\u0131l\u0131m\u0131n en g\u00fcncel versiyonu S\/4HANA Cloud\u2019u ger\u00e7ek zamanl\u0131 olarak kullanabilen ilk lojistik \u015firketiyiz.\t\t\t\t<\/div>\n\t\t\t<\/div>\n\t\t<\/div>\n\n\t\t\n\t\t<div class=\"lqd-accordion-item elementor-repeater-item-222fa37 transition-colors\">\n\t\t\t<h5 class=\"lqd-accordion-heading m-0 p-0\" tabindex=\"-1\">\n\t\t\t\t<a class=\"lqd-accordion-trigger lqd-togglable-trigger lqd-widget-trigger flex items-center w-full cursor-pointer transition-colors\" href=\"#lqd-accordion-1a40c0a-content\" aria-expanded=\"false\" aria-controls=\"lqd-accordion-1a40c0a-content\" tabindex=\"0\">\n\t\t\t\t\t<span class=\"lqd-accordion-heading-txt pointer-events-none\">M\u00fc\u015fteri \u0130li\u015fkileri ve G\u00fcven<\/span>\n\t\t\t\t\t\t\t\t\t<\/a>\n\t\t\t<\/h5>\n\t\t\t<div class=\"lqd-accordion-content-wrap lqd-togglable-element hidden\" id=\"lqd-accordion-1a40c0a-content\">\n\t\t\t\t<div class=\"lqd-accordion-content\">\n\t\t\t\t\tM\u00fc\u015fterilerimizin memnuniyeti ve g\u00fcveni, i\u015fimizin temelini olu\u015fturuyor. M\u00fc\u015fterilerimize sa\u011flad\u0131\u011f\u0131m\u0131z hizmetlerin kalitesi ve g\u00fcvenilirlik d\u00fczeyini \u00f6l\u00e7\u00fcmleyerek kendimizi s\u00fcrekli geli\u015ftiriyoruz.<br><br>\n \nM\u00fc\u015fterilerimizin ihtiya\u00e7lar\u0131n\u0131 anlamak ve onlara en uygun \u00e7\u00f6z\u00fcmleri sunmak i\u00e7in teknolojiyi en do\u011fru \u015fekilde kullan\u0131yoruz. \u00d6zel \u00e7\u00f6z\u00fcmler sunarak en do\u011fru lojistik \u00e7\u00f6z\u00fcmler ile bulu\u015fmalar\u0131n\u0131 sa\u011fl\u0131yoruz.\t\t\t\t<\/div>\n\t\t\t<\/div>\n\t\t<\/div>\n\n\t\t\n\t\t<div class=\"lqd-accordion-item elementor-repeater-item-a58fb46 transition-colors\">\n\t\t\t<h5 class=\"lqd-accordion-heading m-0 p-0\" tabindex=\"-1\">\n\t\t\t\t<a class=\"lqd-accordion-trigger lqd-togglable-trigger lqd-widget-trigger flex items-center w-full cursor-pointer transition-colors\" href=\"#lqd-accordion-1a40c0a-content\" aria-expanded=\"false\" aria-controls=\"lqd-accordion-1a40c0a-content\" tabindex=\"0\">\n\t\t\t\t\t<span class=\"lqd-accordion-heading-txt pointer-events-none\">Topluma Katk\u0131<\/span>\n\t\t\t\t\t\t\t\t\t<\/a>\n\t\t\t<\/h5>\n\t\t\t<div class=\"lqd-accordion-content-wrap lqd-togglable-element hidden\" id=\"lqd-accordion-1a40c0a-content\">\n\t\t\t\t<div class=\"lqd-accordion-content\">\n\t\t\t\t\t\u0130\u00e7inde bulundu\u011fumuz toplumun bir par\u00e7as\u0131 olarak, faaliyet g\u00f6sterdi\u011fimiz her noktada sosyal ve ekonomik kalk\u0131nmaya katk\u0131 sa\u011flamak amac\u0131yla \u00e7e\u015fitli sosyal sorumluluk projelerine destek veriyoruz. E\u011fitim, sa\u011fl\u0131k ve \u00e7evre koruma gibi alanlarda yap\u0131lan \u00e7al\u0131\u015fmalara aktif olarak kat\u0131l\u0131yoruz. Ayn\u0131 zamanda, \u00e7al\u0131\u015fanlar\u0131m\u0131z\u0131n da bu t\u00fcr faaliyetlere kat\u0131lmas\u0131n\u0131 te\u015fvik ediyoruz ve destekliyoruz. \u00dcniversite \u00f6\u011frencileriyle bir araya gelerek onlara lojisti\u011fi anlat\u0131yor, d\u00fczenli olarak stajyer istihdam\u0131 sa\u011fl\u0131yoruz.\t\t\t\t<\/div>\n\t\t\t<\/div>\n\t\t<\/div>\n\n\t\t\n\t\t<div class=\"lqd-accordion-item elementor-repeater-item-de6b80b transition-colors\">\n\t\t\t<h5 class=\"lqd-accordion-heading m-0 p-0\" tabindex=\"-1\">\n\t\t\t\t<a class=\"lqd-accordion-trigger lqd-togglable-trigger lqd-widget-trigger flex items-center w-full cursor-pointer transition-colors\" href=\"#lqd-accordion-1a40c0a-content\" aria-expanded=\"false\" aria-controls=\"lqd-accordion-1a40c0a-content\" tabindex=\"0\">\n\t\t\t\t\t<span class=\"lqd-accordion-heading-txt pointer-events-none\">Etik \u0130lkeler<\/span>\n\t\t\t\t\t\t\t\t\t<\/a>\n\t\t\t<\/h5>\n\t\t\t<div class=\"lqd-accordion-content-wrap lqd-togglable-element hidden\" id=\"lqd-accordion-1a40c0a-content\">\n\t\t\t\t<div class=\"lqd-accordion-content\">\n\t\t\t\t\t\u0130\u015f yapma \u015feklimizde prensiplerimizi d\u00fcr\u00fcstl\u00fck, \u015feffafl\u0131k ve i\u015f ahlak\u0131 olu\u015fturuyor. Etik de\u011ferlere uygun olarak hareket etmek, i\u015f ortaklar\u0131m\u0131zla sa\u011fl\u0131kl\u0131 ili\u015fkiler kurmak ve g\u00fcvene dayal\u0131 bir i\u015f ortam\u0131 olu\u015fturmak i\u00e7in \u00e7aba g\u00f6steriyoruz. Yasad\u0131\u015f\u0131 her t\u00fcrl\u00fc faaliyeti kesinlikle reddediyor, m\u00fc\u015fterilerimizle ve i\u015f ortaklar\u0131m\u0131zla da olas\u0131 durumlarda bilgi al\u0131\u015fveri\u015finde bulunuyoruz.\t\t\t\t<\/div>\n\t\t\t<\/div>\n\t\t<\/div>\n\n\t\t\n\t\t<div class=\"lqd-accordion-item elementor-repeater-item-161b7a2 transition-colors\">\n\t\t\t<h5 class=\"lqd-accordion-heading m-0 p-0\" tabindex=\"-1\">\n\t\t\t\t<a class=\"lqd-accordion-trigger lqd-togglable-trigger lqd-widget-trigger flex items-center w-full cursor-pointer transition-colors\" href=\"#lqd-accordion-1a40c0a-content\" aria-expanded=\"false\" aria-controls=\"lqd-accordion-1a40c0a-content\" tabindex=\"0\">\n\t\t\t\t\t<span class=\"lqd-accordion-heading-txt pointer-events-none\">Ye\u015fil Gelece\u011fe Ta\u015f\u0131yoruz<\/span>\n\t\t\t\t\t\t\t\t\t<\/a>\n\t\t\t<\/h5>\n\t\t\t<div class=\"lqd-accordion-content-wrap lqd-togglable-element hidden\" id=\"lqd-accordion-1a40c0a-content\">\n\t\t\t\t<div class=\"lqd-accordion-content\">\n\t\t\t\t\tSorumluluklar\u0131m\u0131z\u0131n bilincinde olarak, gelecek nesillere ya\u015fanabilir bir d\u00fcnya b\u0131rakma taahh\u00fcd\u00fcm\u00fcz\u00fc s\u00fcrd\u00fcr\u00fcyoruz. S\u00fcrekli olarak i\u015f yapma \u015feklimizi g\u00f6zden ge\u00e7iriyor, iyile\u015ftiriyor ve daha s\u00fcrd\u00fcr\u00fclebilir bir gelecek i\u00e7in ad\u0131mlar atmaya devam ediyoruz.\t\t\t\t<\/div>\n\t\t\t<\/div>\n\t\t<\/div>\n\n\t\t\t\t\t\t<\/div>\n\t\t\t\t<\/div>\n\t\t<script>\n\t\twindow.liquid.behaviors.push( {\n\t\t\tdataId: \"1a40c0a\",\n\t\t\tbehaviors:[\n\t\t\t\t{behaviorName:'liquidToggle',options:{changePropPrefix:'lqdAccordionToggle-1a40c0a',openedItems:[0],parentToChangeClassname:'.lqd-accordion-item',toggleOffActiveItem:true,ui:{togglableTriggers:'.lqd-accordion-trigger',togglableElements:'.lqd-accordion-content-wrap'}}},{behaviorName:'liquidEffectsSlideToggle',options:{changePropPrefix:'lqdAccordionToggle-1a40c0a'}},\n\t\t\t]\n\t\t} );\n\t\t\n\t\t<\/script>\t\t<\/div>\n\t\t<div class=\"elementor-element elementor-element-5555d4f e-con-full e-flex e-con e-child\" data-id=\"5555d4f\" data-element_type=\"container\">\n\t\t\t\t<div class=\"elementor-element elementor-element-bab0f98 elementor-widget elementor-widget-lqd-image\" data-id=\"bab0f98\" data-element_type=\"widget\" data-widget_type=\"lqd-image.default\">\n\t\t\t\t<div class=\"elementor-widget-container\">\n\t\t\t\t\t\n\t\t<figure class=\"inline-block relative align-middle overflow-hidden lqd-transform-perspective transition-colors\" data-lqd-look-at-mouse data-lqd-hover3d-el>\n\n\t\t\t\n\t\t\t\t\n\t\t\t\t<img fetchpriority=\"high\" decoding=\"async\" width=\"1224\" height=\"1798\" src=\"https:\/\/ozakar.com\/wp-content\/uploads\/2024\/05\/ozakar-logistics-sorumluluk.png\" class=\"attachment-full size-full wp-image-3173\" alt=\"\" srcset=\"https:\/\/ozakar.com\/wp-content\/uploads\/2024\/05\/ozakar-logistics-sorumluluk.png 1224w, https:\/\/ozakar.com\/wp-content\/uploads\/2024\/05\/ozakar-logistics-sorumluluk-204x300.png 204w, https:\/\/ozakar.com\/wp-content\/uploads\/2024\/05\/ozakar-logistics-sorumluluk-697x1024.png 697w\" sizes=\"(max-width: 1224px) 100vw, 1224px\" \/>\n\t\t\t\t\n\t\t\t\t\n\t\t\t\t\n\t\t\t\n\t\t\t\n\t\t<\/figure>\n\n\t\t\t\t\t\t<\/div>\n\t\t\t\t<\/div>\n\t\t\t\t<\/div>\n\t\t\t\t\t<\/div>\n\t\t\t\t<\/div>\n\t\t\t\t<\/div>\n\t\t","protected":false},"excerpt":{"rendered":"<p>D\u00fcne, bug\u00fcne ve gelece\u011fe sayg\u0131. M\u00fc\u015fterilerimize, \u00e7evreye ve topluma kar\u015f\u0131 b\u00fcy\u00fck bir sorumluluk ile hareket ediyoruz. \u00c7evresel S\u00fcrd\u00fcr\u00fclebilirlik Karbon sal\u0131m\u0131m\u0131z\u0131 en aza indirmek, i\u015f yapma \u015feklimizin temelini olu\u015fturuyor. S\u00fcrd\u00fcr\u00fclebilir lojistik operasyonlar\u0131m\u0131zla, karbon ayak izimizi azaltmak ve do\u011fal kaynaklar\u0131 korumak i\u00e7in s\u00fcrekli \u00e7aba sarf ediyoruz. Yak\u0131t verimlili\u011fini art\u0131rmak, at\u0131k miktar\u0131n\u0131 azaltmak ve ye\u015fil teknolojilere yat\u0131r\u0131m yapmak [&hellip;]<\/p>\n","protected":false},"author":1,"featured_media":0,"parent":0,"menu_order":0,"comment_status":"closed","ping_status":"closed","template":"","meta":{"footnotes":""},"class_list":["post-2443","page","type-page","status-publish","hentry"],"yoast_head":"<!-- This site is optimized with the Yoast SEO plugin v25.1 - https:\/\/yoast.com\/wordpress\/plugins\/seo\/ -->\n<title>Sorumluluklar\u0131m\u0131z | Özakar Logistics<\/title>\n<meta name=\"robots\" content=\"index, follow, max-snippet:-1, max-image-preview:large, max-video-preview:-1\" \/>\n<link rel=\"canonical\" href=\"https:\/\/ozakar.com\/sorumluluklarimiz\/\" \/>\n<meta property=\"og:locale\" content=\"tr_TR\" \/>\n<meta property=\"og:type\" content=\"article\" \/>\n<meta property=\"og:title\" content=\"Sorumluluklar\u0131m\u0131z | Özakar Logistics\" \/>\n<meta property=\"og:description\" content=\"D\u00fcne, bug\u00fcne ve gelece\u011fe sayg\u0131. M\u00fc\u015fterilerimize, \u00e7evreye ve topluma kar\u015f\u0131 b\u00fcy\u00fck bir sorumluluk ile hareket ediyoruz. \u00c7evresel S\u00fcrd\u00fcr\u00fclebilirlik Karbon sal\u0131m\u0131m\u0131z\u0131 en aza indirmek, i\u015f yapma \u015feklimizin temelini olu\u015fturuyor. S\u00fcrd\u00fcr\u00fclebilir lojistik operasyonlar\u0131m\u0131zla, karbon ayak izimizi azaltmak ve do\u011fal kaynaklar\u0131 korumak i\u00e7in s\u00fcrekli \u00e7aba sarf ediyoruz. Yak\u0131t verimlili\u011fini art\u0131rmak, at\u0131k miktar\u0131n\u0131 azaltmak ve ye\u015fil teknolojilere yat\u0131r\u0131m yapmak [&hellip;]\" \/>\n<meta property=\"og:url\" content=\"https:\/\/ozakar.com\/sorumluluklarimiz\/\" \/>\n<meta property=\"og:site_name\" content=\"Özakar Logistics\" \/>\n<meta property=\"article:publisher\" content=\"https:\/\/facebook.com\/Özakar-International-Transport-100051506547041/?locale=tr_TR\" \/>\n<meta property=\"article:modified_time\" content=\"2024-05-13T23:27:39+00:00\" \/>\n<meta property=\"og:image\" content=\"https:\/\/ozakar.com\/wp-content\/uploads\/2024\/05\/ozakar-logistics-sorumluluk.png\" \/>\n<meta name=\"twitter:card\" content=\"summary_large_image\" \/>\n<meta name=\"twitter:site\" content=\"@ozakarlogistics\" \/>\n<meta name=\"twitter:label1\" content=\"Tahmini okuma s\u00fcresi\" \/>\n\t<meta name=\"twitter:data1\" content=\"3 dakika\" \/>\n<script type=\"application\/ld+json\" class=\"yoast-schema-graph\">{\"@context\":\"https:\/\/schema.org\",\"@graph\":[{\"@type\":\"WebPage\",\"@id\":\"https:\/\/ozakar.com\/sorumluluklarimiz\/\",\"url\":\"https:\/\/ozakar.com\/sorumluluklarimiz\/\",\"name\":\"Sorumluluklar\u0131m\u0131z | Özakar Logistics\",\"isPartOf\":{\"@id\":\"https:\/\/ozakar.com\/#website\"},\"primaryImageOfPage\":{\"@id\":\"https:\/\/ozakar.com\/sorumluluklarimiz\/#primaryimage\"},\"image\":{\"@id\":\"https:\/\/ozakar.com\/sorumluluklarimiz\/#primaryimage\"},\"thumbnailUrl\":\"https:\/\/ozakar.com\/wp-content\/uploads\/2024\/05\/ozakar-logistics-sorumluluk.png\",\"datePublished\":\"2024-05-06T14:39:18+00:00\",\"dateModified\":\"2024-05-13T23:27:39+00:00\",\"breadcrumb\":{\"@id\":\"https:\/\/ozakar.com\/sorumluluklarimiz\/#breadcrumb\"},\"inLanguage\":\"tr\",\"potentialAction\":[{\"@type\":\"ReadAction\",\"target\":[\"https:\/\/ozakar.com\/sorumluluklarimiz\/\"]}]},{\"@type\":\"ImageObject\",\"inLanguage\":\"tr\",\"@id\":\"https:\/\/ozakar.com\/sorumluluklarimiz\/#primaryimage\",\"url\":\"https:\/\/ozakar.com\/wp-content\/uploads\/2024\/05\/ozakar-logistics-sorumluluk.png\",\"contentUrl\":\"https:\/\/ozakar.com\/wp-content\/uploads\/2024\/05\/ozakar-logistics-sorumluluk.png\",\"width\":1224,\"height\":1798},{\"@type\":\"BreadcrumbList\",\"@id\":\"https:\/\/ozakar.com\/sorumluluklarimiz\/#breadcrumb\",\"itemListElement\":[{\"@type\":\"ListItem\",\"position\":1,\"name\":\"Anasayfa\",\"item\":\"https:\/\/ozakar.com\/anasayfa\/\"},{\"@type\":\"ListItem\",\"position\":2,\"name\":\"Sorumluluklar\u0131m\u0131z\"}]},{\"@type\":\"WebSite\",\"@id\":\"https:\/\/ozakar.com\/#website\",\"url\":\"https:\/\/ozakar.com\/\",\"name\":\"Özakar Logistics\",\"description\":\"Entegre Ta\u015f\u0131mac\u0131l\u0131k \u00c7\u00f6z\u00fcmleri\",\"publisher\":{\"@id\":\"https:\/\/ozakar.com\/#organization\"},\"potentialAction\":[{\"@type\":\"SearchAction\",\"target\":{\"@type\":\"EntryPoint\",\"urlTemplate\":\"https:\/\/ozakar.com\/?s={search_term_string}\"},\"query-input\":{\"@type\":\"PropertyValueSpecification\",\"valueRequired\":true,\"valueName\":\"search_term_string\"}}],\"inLanguage\":\"tr\"},{\"@type\":\"Organization\",\"@id\":\"https:\/\/ozakar.com\/#organization\",\"name\":\"Özakar Logistics\",\"url\":\"https:\/\/ozakar.com\/\",\"logo\":{\"@type\":\"ImageObject\",\"inLanguage\":\"tr\",\"@id\":\"https:\/\/ozakar.com\/#\/schema\/logo\/image\/\",\"url\":\"https:\/\/ozakar.com\/wp-content\/uploads\/2024\/05\/ozakar-web-ikon.png\",\"contentUrl\":\"https:\/\/ozakar.com\/wp-content\/uploads\/2024\/05\/ozakar-web-ikon.png\",\"width\":500,\"height\":500,\"caption\":\"Özakar Logistics\"},\"image\":{\"@id\":\"https:\/\/ozakar.com\/#\/schema\/logo\/image\/\"},\"sameAs\":[\"https:\/\/facebook.com\/Özakar-International-Transport-100051506547041/?locale=tr_TR\" , \"https:\/\/instagram.com\/ozakarinternationaltransport\"]}]}<\/script>\n<!-- \/ Yoast SEO plugin. -->","yoast_head_json":{"title":"Sorumluluklar\u0131m\u0131z | Özakar Logistics","robots":{"index":"index","follow":"follow","max-snippet":"max-snippet:-1","max-image-preview":"max-image-preview:large","max-video-preview":"max-video-preview:-1"},"canonical":"https:\/\/ozakar.com\/sorumluluklarimiz\/","og_locale":"tr_TR","og_type":"article","og_title":"Sorumluluklar\u0131m\u0131z | Özakar Logistics","og_description":"D\u00fcne, bug\u00fcne ve gelece\u011fe sayg\u0131. M\u00fc\u015fterilerimize, \u00e7evreye ve topluma kar\u015f\u0131 b\u00fcy\u00fck bir sorumluluk ile hareket ediyoruz. \u00c7evresel S\u00fcrd\u00fcr\u00fclebilirlik Karbon sal\u0131m\u0131m\u0131z\u0131 en aza indirmek, i\u015f yapma \u015feklimizin temelini olu\u015fturuyor. S\u00fcrd\u00fcr\u00fclebilir lojistik operasyonlar\u0131m\u0131zla, karbon ayak izimizi azaltmak ve do\u011fal kaynaklar\u0131 korumak i\u00e7in s\u00fcrekli \u00e7aba sarf ediyoruz. Yak\u0131t verimlili\u011fini art\u0131rmak, at\u0131k miktar\u0131n\u0131 azaltmak ve ye\u015fil teknolojilere yat\u0131r\u0131m yapmak [&hellip;]","og_url":"https:\/\/ozakar.com\/sorumluluklarimiz\/","og_site_name":"Özakar Logistics","article_publisher":"https:\/\/facebook.com\/Özakar-International-Transport-100051506547041/?locale=tr_TR","article_modified_time":"2024-05-13T23:27:39+00:00","og_image":[{"url":"https:\/\/ozakar.com\/wp-content\/uploads\/2024\/05\/ozakar-logistics-sorumluluk.png","type":"","width":"","height":""}],"twitter_card":"summary_large_image","twitter_site":"@ozakarlogistics","twitter_misc":{"Tahmini okuma s\u00fcresi":"3 dakika"},"schema":{"@context":"https:\/\/schema.org","@graph":[{"@type":"WebPage","@id":"https:\/\/ozakar.com\/sorumluluklarimiz\/","url":"https:\/\/ozakar.com\/sorumluluklarimiz\/","name":"Sorumluluklar\u0131m\u0131z | Özakar Logistics","isPartOf":{"@id":"https:\/\/ozakar.com\/#website"},"primaryImageOfPage":{"@id":"https:\/\/ozakar.com\/sorumluluklarimiz\/#primaryimage"},"image":{"@id":"https:\/\/ozakar.com\/sorumluluklarimiz\/#primaryimage"},"thumbnailUrl":"https:\/\/ozakar.com\/wp-content\/uploads\/2024\/05\/ozakar-logistics-sorumluluk.png","datePublished":"2024-05-06T14:39:18+00:00","dateModified":"2024-05-13T23:27:39+00:00","breadcrumb":{"@id":"https:\/\/ozakar.com\/sorumluluklarimiz\/#breadcrumb"},"inLanguage":"tr","potentialAction":[{"@type":"ReadAction","target":["https:\/\/ozakar.com\/sorumluluklarimiz\/"]}]},{"@type":"ImageObject","inLanguage":"tr","@id":"https:\/\/ozakar.com\/sorumluluklarimiz\/#primaryimage","url":"https:\/\/ozakar.com\/wp-content\/uploads\/2024\/05\/ozakar-logistics-sorumluluk.png","contentUrl":"https:\/\/ozakar.com\/wp-content\/uploads\/2024\/05\/ozakar-logistics-sorumluluk.png","width":1224,"height":1798},{"@type":"BreadcrumbList","@id":"https:\/\/ozakar.com\/sorumluluklarimiz\/#breadcrumb","itemListElement":[{"@type":"ListItem","position":1,"name":"Anasayfa","item":"https:\/\/ozakar.com\/anasayfa\/"},{"@type":"ListItem","position":2,"name":"Sorumluluklar\u0131m\u0131z"}]},{"@type":"WebSite","@id":"https:\/\/ozakar.com\/#website","url":"https:\/\/ozakar.com\/","name":"Özakar Logistics","description":"Entegre Ta\u015f\u0131mac\u0131l\u0131k \u00c7\u00f6z\u00fcmleri","publisher":{"@id":"https:\/\/ozakar.com\/#organization"},"potentialAction":[{"@type":"SearchAction","target":{"@type":"EntryPoint","urlTemplate":"https:\/\/ozakar.com\/?s={search_term_string}"},"query-input":{"@type":"PropertyValueSpecification","valueRequired":true,"valueName":"search_term_string"}}],"inLanguage":"tr"},{"@type":"Organization","@id":"https:\/\/ozakar.com\/#organization","name":"Özakar Logistics","url":"https:\/\/ozakar.com\/","logo":{"@type":"ImageObject","inLanguage":"tr","@id":"https:\/\/ozakar.com\/#\/schema\/logo\/image\/","url":"https:\/\/ozakar.com\/wp-content\/uploads\/2024\/05\/ozakar-web-ikon.png","contentUrl":"https:\/\/ozakar.com\/wp-content\/uploads\/2024\/05\/ozakar-web-ikon.png","width":500,"height":500,"caption":"Özakar Logistics"},"image":{"@id":"https:\/\/ozakar.com\/#\/schema\/logo\/image\/"},"sameAs":["https:\/\/facebook.com\/Özakar-International-Transport-100051506547041/?locale=tr_TR",  "https:\/\/instagram.com\/ozakarinternationaltransport"]}]}},"_links":{"self":[{"href":"https:\/\/ozakar.com\/wp-json\/wp\/v2\/pages\/2443","targetHints":{"allow":["GET"]}}],"collection":[{"href":"https:\/\/ozakar.com\/wp-json\/wp\/v2\/pages"}],"about":[{"href":"https:\/\/ozakar.com\/wp-json\/wp\/v2\/types\/page"}],"author":[{"embeddable":true,"href":"https:\/\/ozakar.com\/wp-json\/wp\/v2\/users\/1"}],"replies":[{"embeddable":true,"href":"https:\/\/ozakar.com\/wp-json\/wp\/v2\/comments?post=2443"}],"version-history":[{"count":13,"href":"https:\/\/ozakar.com\/wp-json\/wp\/v2\/pages\/2443\/revisions"}],"predecessor-version":[{"id":3176,"href":"https:\/\/ozakar.com\/wp-json\/wp\/v2\/pages\/2443\/revisions\/3176"}],"wp:attachment":[{"href":"https:\/\/ozakar.com\/wp-json\/wp\/v2\/media?parent=2443"}],"curies":[{"name":"wp","href":"https:\/\/api.w.org\/{rel}","templated":true}]}}